{"id":409,"date":"2022-03-03T06:15:37","date_gmt":"2022-03-03T06:15:37","guid":{"rendered":"https:\/\/tracemytrack.com\/contact\/"},"modified":"2022-03-14T08:37:09","modified_gmt":"2022-03-14T08:37:09","slug":"contact","status":"publish","type":"page","link":"https:\/\/tracemytrack.com\/de\/contact\/","title":{"rendered":"Kontakt"},"content":{"rendered":"\n<div class=\"wp-block-columns is-layout-flex wp-container-core-columns-is-layout-9d6595d7 wp-block-columns-is-layout-flex\">\n<div class=\"wp-block-column is-layout-flow wp-block-column-is-layout-flow\">\n<p><strong>Corandus GmbH<\/strong><br>Gabriel Max Stra\u00dfe 27<br>81545 M\u00fcnchen<br>Commercial Register: Amtsgericht M\u00fcnchen<br>HRB 193968 <br>VAT ID-no.: DE 279064847<\/p>\n<\/div>\n\n\n\n<div class=\"wp-block-column is-layout-flow wp-block-column-is-layout-flow\">\n<p><em>Tel: +49 89 45248690<\/em> <br \/><em>Fax: +49 3212 1233272<\/em> <br \/><em>E-mail: info@corandus.com<\/em> <br \/><em>CEO: Horatiu Sava<\/em> <br \/><em>Kontaktperson: Horatiu Sava<\/em><\/p>\n<\/div>\n<\/div>\n","protected":false},"excerpt":{"rendered":"<p>Corandus GmbHGabriel Max Stra\u00dfe 2781545 M\u00fcnchenCommercial Register: Amtsgericht M\u00fcnchenHRB 193968 VAT ID-no.: DE 279064847 Tel: +49 89 45248690 Fax: +49 3212 1233272 E-mail: info@corandus.com CEO: Horatiu Sava Kontaktperson: Horatiu Sava<\/p>\n","protected":false},"author":2,"featured_media":0,"parent":0,"menu_order":0,"comment_status":"closed","ping_status":"closed","template":"template-contact.php","meta":{"_acf_changed":false,"footnotes":""},"class_list":["post-409","page","type-page","status-publish","hentry"],"acf":[],"_links":{"self":[{"href":"https:\/\/tracemytrack.com\/de\/wp-json\/wp\/v2\/pages\/409","targetHints":{"allow":["GET"]}}],"collection":[{"href":"https:\/\/tracemytrack.com\/de\/wp-json\/wp\/v2\/pages"}],"about":[{"href":"https:\/\/tracemytrack.com\/de\/wp-json\/wp\/v2\/types\/page"}],"author":[{"embeddable":true,"href":"https:\/\/tracemytrack.com\/de\/wp-json\/wp\/v2\/users\/2"}],"replies":[{"embeddable":true,"href":"https:\/\/tracemytrack.com\/de\/wp-json\/wp\/v2\/comments?post=409"}],"version-history":[{"count":5,"href":"https:\/\/tracemytrack.com\/de\/wp-json\/wp\/v2\/pages\/409\/revisions"}],"predecessor-version":[{"id":873,"href":"https:\/\/tracemytrack.com\/de\/wp-json\/wp\/v2\/pages\/409\/revisions\/873"}],"wp:attachment":[{"href":"https:\/\/tracemytrack.com\/de\/wp-json\/wp\/v2\/media?parent=409"}],"curies":[{"name":"wp","href":"https:\/\/api.w.org\/{rel}","templated":true}]}}